{"id":6,"date":"2015-11-27T16:59:22","date_gmt":"2015-11-27T16:59:22","guid":{"rendered":"http:\/\/themes.webdevia.com\/solar-wp\/?page_id=6"},"modified":"2025-03-04T15:18:30","modified_gmt":"2025-03-04T15:18:30","slug":"parquets","status":"publish","type":"page","link":"https:\/\/etbprestige.com\/index.php\/parquets\/","title":{"rendered":"Parquets"},"content":{"rendered":"<section class=\"wpb-content-wrapper\"><p>[vc_row css=\u00a0\u00bb.vc_custom_1671807852539{margin-top: 80px !important;margin-bottom: 0px !important;}\u00a0\u00bb][vc_column]\r\n\r\n<div class=\"\" >\r\n  <div class=\"large-12 columns  wd-title-section_c\" >\r\n\r\n      <h2 style = 'color:#ffffff;'>PON\u00c7AGE ET VITRIFICATION DE PARQUETS<\/h2>\r\n        <h5 ><\/h5>\r\n    \r\n  <\/div>\r\n<\/div>\r\n\r\n  \r\n[vc_column_text]<\/p>\n<h5 style=\"text-align: center;\">La vitrification d&rsquo;un parquet est la phase finale de la r\u00e9novation.<\/h5>\n<h5 style=\"text-align: center;\">Pour un r\u00e9sultat optimum, il est imp\u00e9ratif de pr\u00e9parer parfaitement le support.<\/h5>\n<p>[\/vc_column_text][\/vc_column][\/vc_row][vc_row css=\u00a0\u00bb.vc_custom_1671807852539{margin-top: 80px !important;margin-bottom: 0px !important;}\u00a0\u00bb][vc_column]\r\n\r\n<div class=\"wd_empty_space\" data-heightmobile=\"50\" data-heighttablet=\"60\" data-heightdesktop=\"90\">\r\n\r\n<\/div>\r\n      \r\n\r\n\r\n\r\n        \r\n      \r\n    [\/vc_column][\/vc_row][vc_row full_width=\u00a0\u00bbstretch_row\u00a0\u00bb css=\u00a0\u00bb.vc_custom_1671808397978{margin-top: 0px !important;margin-bottom: 110px !important;}\u00a0\u00bb][vc_column width=\u00a0\u00bb1\/2&Prime;][vc_column_text]<\/p>\n<div class=\"wd-title-block\"><\/div>\n<h5>a) le pon\u00e7age doit \u00eatre effectu\u00e9 de mani\u00e8re parfaite afin de d\u00e9crasser au maximum le bois.<\/h5>\n<div class=\"row p-t-30\">\n<div class=\"large-6 columns\"><\/div>\n<div class=\"large-6 columns\">\n<p>&nbsp;<\/p>\n<\/div>\n<\/div>\n<p>[\/vc_column_text][\/vc_column][vc_column width=\u00a0\u00bb1\/2&Prime; css=\u00a0\u00bb.vc_custom_1493895657023{padding-right: 10px !important;padding-left: 10px !important;}\u00a0\u00bb][vc_single_image image=\u00a0\u00bb1975&Prime; img_size=\u00a0\u00bb500&#215;300&Prime;][\/vc_column][\/vc_row][vc_row full_width=\u00a0\u00bbstretch_row\u00a0\u00bb css=\u00a0\u00bb.vc_custom_1671808397978{margin-top: 0px !important;margin-bottom: 110px !important;}\u00a0\u00bb][vc_column width=\u00a0\u00bb1\/2&Prime;][vc_column_text]<\/p>\n<h5 style=\"text-align: left;\">b) il faut alors proc\u00e9der aux finitions scrupuleusement soign\u00e9es \u00e0 l&rsquo;aide de la TRIO.<\/h5>\n<p>[\/vc_column_text][\/vc_column][vc_column width=\u00a0\u00bb1\/2&Prime; css=\u00a0\u00bb.vc_custom_1493895657023{padding-right: 10px !important;padding-left: 10px !important;}\u00a0\u00bb][vc_single_image image=\u00a0\u00bb1933&Prime; img_size=\u00a0\u00bb500&#215;300&Prime;][\/vc_column][vc_column width=\u00a0\u00bb2\/2&Prime;]\r\n\r\n<div class=\"wd_empty_space\" data-heightmobile=\"20\" data-heighttablet=\"60\" data-heightdesktop=\"90\">\r\n\r\n<\/div>\r\n      \r\n\r\n\r\n\r\n        \r\n      \r\n    [vc_column_text]<\/p>\n<h5 style=\"text-align: center;\">Si cette phase finition est faite de mani\u00e8re succincte voire supprim\u00e9e, la vitrification fera alors ressortir les d\u00e9fauts laiss\u00e9s par les machines lors du pon\u00e7age et l&rsquo;adh\u00e9rence du vitrificateur risque d&rsquo;\u00eatre fragilis\u00e9e.<\/h5>\n<p>[\/vc_column_text][\/vc_column][\/vc_row][vc_row full_width=\u00a0\u00bbstretch_row\u00a0\u00bb css=\u00a0\u00bb.vc_custom_1671808397978{margin-top: 0px !important;margin-bottom: 110px !important;}\u00a0\u00bb][vc_column width=\u00a0\u00bb1\/2&Prime;][vc_column_text]<\/p>\n<h5>c) Le parquet ainsi pon\u00e7\u00e9 et v\u00e9rifi\u00e9 peut alors \u00eatre vitrifi\u00e9.<\/h5>\n<p>[\/vc_column_text][\/vc_column][vc_column width=\u00a0\u00bb1\/2&Prime; css=\u00a0\u00bb.vc_custom_1493895657023{padding-right: 10px !important;padding-left: 10px !important;}\u00a0\u00bb][vc_single_image image=\u00a0\u00bb1965&Prime; img_size=\u00a0\u00bb500&#215;300&Prime;][\/vc_column][vc_column width=\u00a0\u00bb2\/2&Prime;]\r\n\r\n<div class=\"wd_empty_space\" data-heightmobile=\"50\" data-heighttablet=\"60\" data-heightdesktop=\"90\">\r\n\r\n<\/div>\r\n      \r\n\r\n\r\n\r\n        \r\n      \r\n    [vc_column_text]<\/p>\n<h5 style=\"text-align: center;\">Les vitrificateurs sont des films transparents qui prot\u00e8gent le bois tout en le laissant respirer.<\/h5>\n<h5 style=\"text-align: center;\">Ils\u00a0existent\u00a0en plusieurs aspects (mat, satin\u00e9, brillant, naturel ou invisible, aspect huil\u00e9&#8230;)<\/h5>\n<p>[\/vc_column_text][\/vc_column][\/vc_row][vc_row full_width=\u00a0\u00bbstretch_row\u00a0\u00bb css=\u00a0\u00bb.vc_custom_1671808397978{margin-top: 0px !important;margin-bottom: 110px !important;}\u00a0\u00bb][vc_column]\r\n\r\n<div class=\"\" >\r\n  <div class=\"large-12 columns  wd-title-section_c\" >\r\n\r\n      <h2 style = 'color:#ffffff;'>Nos r\u00e9alisations<\/h2>\r\n        <h5 style = 'color:#ffe281;'><\/h5>\r\n    \r\n  <\/div>\r\n<\/div>\r\n\r\n  \r\n[\/vc_column][\/vc_row][vc_row][vc_column width=\u00a0\u00bb1\/2&Prime;][vc_gallery interval=\u00a0\u00bb3&Prime; images=\u00a0\u00bb2188,2189&Prime; img_size=\u00a0\u00bbmedium\u00a0\u00bb][\/vc_column][vc_column width=\u00a0\u00bb1\/2&Prime;][vc_gallery interval=\u00a0\u00bb3&Prime; images=\u00a0\u00bb1867,1871&Prime; img_size=\u00a0\u00bbmedium\u00a0\u00bb][\/vc_column][\/vc_row][vc_row][vc_column width=\u00a0\u00bb1\/4&Prime;][\/vc_column][vc_column width=\u00a0\u00bb1\/2&Prime;][vc_gallery interval=\u00a0\u00bb3&Prime; images=\u00a0\u00bb2192,2190&Prime; img_size=\u00a0\u00bb450&#215;660&Prime;][\/vc_column][vc_column width=\u00a0\u00bb1\/4&Prime;][\/vc_column][\/vc_row][vc_row][vc_column][vc_images_carousel images=\u00a0\u00bb2177,2176,2175,2174,2173,2172&Prime; img_size=\u00a0\u00bbfull\u00a0\u00bb slides_per_view=\u00a0\u00bb6&Prime; wrap=\u00a0\u00bbyes\u00a0\u00bb][\/vc_column][vc_column][vc_images_carousel images=\u00a0\u00bb1837,1904,1932,1933,1935,1936,2020,2036,2037,1839,2046,2047,2048,2049,2050,2051,2052,2053&Prime; img_size=\u00a0\u00bbfull\u00a0\u00bb slides_per_view=\u00a0\u00bb5&Prime; autoplay=\u00a0\u00bbyes\u00a0\u00bb partial_view=\u00a0\u00bbyes\u00a0\u00bb wrap=\u00a0\u00bbyes\u00a0\u00bb][\/vc_column][\/vc_row]<\/p>\n<\/section>","protected":false},"excerpt":{"rendered":"<p>[vc_row css=\u00a0\u00bb.vc_custom_1671807852539{margin-top: 80px !important;margin-bottom: 0px !important;}\u00a0\u00bb][vc_column][vc_column_text] La vitrification d&rsquo;un parquet est la phase finale de la r\u00e9novation. Pour un r\u00e9sultat optimum, il est imp\u00e9ratif de pr\u00e9parer parfaitement le support. [\/vc_column_text][\/vc_column][\/vc_row][vc_row css=\u00a0\u00bb.vc_custom_1671807852539{margin-top: 80px !important;margin-bottom: 0px !important;}\u00a0\u00bb][vc_column][\/vc_column][\/vc_row][vc_row full_width=\u00a0\u00bbstretch_row\u00a0\u00bb css=\u00a0\u00bb.vc_custom_1671808397978{margin-top: 0px !important;margin-bottom: 110px !important;}\u00a0\u00bb][vc_column width=\u00a0\u00bb1\/2&Prime;][vc_column_text] a) le pon\u00e7age doit \u00eatre effectu\u00e9 de mani\u00e8re parfaite afin de d\u00e9crasser au [&hellip;]<\/p>\n","protected":false},"author":1,"featured_media":0,"parent":0,"menu_order":0,"comment_status":"closed","ping_status":"closed","template":"","meta":{"footnotes":""},"class_list":["post-6","page","type-page","status-publish","hentry"],"yoast_head":"<!-- This site is optimized with the Yoast SEO plugin v26.7 - https:\/\/yoast.com\/wordpress\/plugins\/seo\/ -->\n<title>Parquets - ETB<\/title>\n<meta name=\"description\" content=\"Pon\u00e7age de parquet, vitrification, r\u00e9novation de parquets bois.\" \/>\n<meta name=\"robots\" content=\"index, follow, max-snippet:-1, max-image-preview:large, max-video-preview:-1\" \/>\n<link rel=\"canonical\" href=\"https:\/\/etbprestige.com\/index.php\/parquets\/\" \/>\n<meta property=\"og:locale\" content=\"fr_FR\" \/>\n<meta property=\"og:type\" content=\"article\" \/>\n<meta property=\"og:title\" content=\"Parquets - ETB\" \/>\n<meta property=\"og:description\" content=\"Pon\u00e7age de parquet, vitrification, r\u00e9novation de parquets bois.\" \/>\n<meta property=\"og:url\" content=\"https:\/\/etbprestige.com\/index.php\/parquets\/\" \/>\n<meta property=\"og:site_name\" content=\"ETB\" \/>\n<meta property=\"article:modified_time\" content=\"2025-03-04T15:18:30+00:00\" \/>\n<meta name=\"twitter:card\" content=\"summary_large_image\" \/>\n<meta name=\"twitter:label1\" content=\"Dur\u00e9e de lecture estim\u00e9e\" \/>\n\t<meta name=\"twitter:data1\" content=\"2 minutes\" \/>\n<script type=\"application\/ld+json\" class=\"yoast-schema-graph\">{\"@context\":\"https:\/\/schema.org\",\"@graph\":[{\"@type\":\"WebPage\",\"@id\":\"https:\/\/etbprestige.com\/index.php\/parquets\/\",\"url\":\"https:\/\/etbprestige.com\/index.php\/parquets\/\",\"name\":\"Parquets - ETB\",\"isPartOf\":{\"@id\":\"https:\/\/etbprestige.com\/#website\"},\"datePublished\":\"2015-11-27T16:59:22+00:00\",\"dateModified\":\"2025-03-04T15:18:30+00:00\",\"description\":\"Pon\u00e7age de parquet, vitrification, r\u00e9novation de parquets bois.\",\"breadcrumb\":{\"@id\":\"https:\/\/etbprestige.com\/index.php\/parquets\/#breadcrumb\"},\"inLanguage\":\"fr-FR\",\"potentialAction\":[{\"@type\":\"ReadAction\",\"target\":[\"https:\/\/etbprestige.com\/index.php\/parquets\/\"]}]},{\"@type\":\"BreadcrumbList\",\"@id\":\"https:\/\/etbprestige.com\/index.php\/parquets\/#breadcrumb\",\"itemListElement\":[{\"@type\":\"ListItem\",\"position\":1,\"name\":\"Accueil\",\"item\":\"https:\/\/etbprestige.com\/\"},{\"@type\":\"ListItem\",\"position\":2,\"name\":\"Parquets\"}]},{\"@type\":\"WebSite\",\"@id\":\"https:\/\/etbprestige.com\/#website\",\"url\":\"https:\/\/etbprestige.com\/\",\"name\":\"Etbprestige\",\"description\":\"\",\"publisher\":{\"@id\":\"https:\/\/etbprestige.com\/#organization\"},\"potentialAction\":[{\"@type\":\"SearchAction\",\"target\":{\"@type\":\"EntryPoint\",\"urlTemplate\":\"https:\/\/etbprestige.com\/?s={search_term_string}\"},\"query-input\":{\"@type\":\"PropertyValueSpecification\",\"valueRequired\":true,\"valueName\":\"search_term_string\"}}],\"inLanguage\":\"fr-FR\"},{\"@type\":\"Organization\",\"@id\":\"https:\/\/etbprestige.com\/#organization\",\"name\":\"Etbprestige\",\"url\":\"https:\/\/etbprestige.com\/\",\"logo\":{\"@type\":\"ImageObject\",\"inLanguage\":\"fr-FR\",\"@id\":\"https:\/\/etbprestige.com\/#\/schema\/logo\/image\/\",\"url\":\"https:\/\/etbprestige.com\/wp-content\/uploads\/2022\/12\/ETBlogo-1.png\",\"contentUrl\":\"https:\/\/etbprestige.com\/wp-content\/uploads\/2022\/12\/ETBlogo-1.png\",\"width\":400,\"height\":150,\"caption\":\"Etbprestige\"},\"image\":{\"@id\":\"https:\/\/etbprestige.com\/#\/schema\/logo\/image\/\"}}]}<\/script>\n<!-- \/ Yoast SEO plugin. -->","yoast_head_json":{"title":"Parquets - ETB","description":"Pon\u00e7age de parquet, vitrification, r\u00e9novation de parquets bois.","robots":{"index":"index","follow":"follow","max-snippet":"max-snippet:-1","max-image-preview":"max-image-preview:large","max-video-preview":"max-video-preview:-1"},"canonical":"https:\/\/etbprestige.com\/index.php\/parquets\/","og_locale":"fr_FR","og_type":"article","og_title":"Parquets - ETB","og_description":"Pon\u00e7age de parquet, vitrification, r\u00e9novation de parquets bois.","og_url":"https:\/\/etbprestige.com\/index.php\/parquets\/","og_site_name":"ETB","article_modified_time":"2025-03-04T15:18:30+00:00","twitter_card":"summary_large_image","twitter_misc":{"Dur\u00e9e de lecture estim\u00e9e":"2 minutes"},"schema":{"@context":"https:\/\/schema.org","@graph":[{"@type":"WebPage","@id":"https:\/\/etbprestige.com\/index.php\/parquets\/","url":"https:\/\/etbprestige.com\/index.php\/parquets\/","name":"Parquets - ETB","isPartOf":{"@id":"https:\/\/etbprestige.com\/#website"},"datePublished":"2015-11-27T16:59:22+00:00","dateModified":"2025-03-04T15:18:30+00:00","description":"Pon\u00e7age de parquet, vitrification, r\u00e9novation de parquets bois.","breadcrumb":{"@id":"https:\/\/etbprestige.com\/index.php\/parquets\/#breadcrumb"},"inLanguage":"fr-FR","potentialAction":[{"@type":"ReadAction","target":["https:\/\/etbprestige.com\/index.php\/parquets\/"]}]},{"@type":"BreadcrumbList","@id":"https:\/\/etbprestige.com\/index.php\/parquets\/#breadcrumb","itemListElement":[{"@type":"ListItem","position":1,"name":"Accueil","item":"https:\/\/etbprestige.com\/"},{"@type":"ListItem","position":2,"name":"Parquets"}]},{"@type":"WebSite","@id":"https:\/\/etbprestige.com\/#website","url":"https:\/\/etbprestige.com\/","name":"Etbprestige","description":"","publisher":{"@id":"https:\/\/etbprestige.com\/#organization"},"potentialAction":[{"@type":"SearchAction","target":{"@type":"EntryPoint","urlTemplate":"https:\/\/etbprestige.com\/?s={search_term_string}"},"query-input":{"@type":"PropertyValueSpecification","valueRequired":true,"valueName":"search_term_string"}}],"inLanguage":"fr-FR"},{"@type":"Organization","@id":"https:\/\/etbprestige.com\/#organization","name":"Etbprestige","url":"https:\/\/etbprestige.com\/","logo":{"@type":"ImageObject","inLanguage":"fr-FR","@id":"https:\/\/etbprestige.com\/#\/schema\/logo\/image\/","url":"https:\/\/etbprestige.com\/wp-content\/uploads\/2022\/12\/ETBlogo-1.png","contentUrl":"https:\/\/etbprestige.com\/wp-content\/uploads\/2022\/12\/ETBlogo-1.png","width":400,"height":150,"caption":"Etbprestige"},"image":{"@id":"https:\/\/etbprestige.com\/#\/schema\/logo\/image\/"}}]}},"_links":{"self":[{"href":"https:\/\/etbprestige.com\/index.php\/wp-json\/wp\/v2\/pages\/6","targetHints":{"allow":["GET"]}}],"collection":[{"href":"https:\/\/etbprestige.com\/index.php\/wp-json\/wp\/v2\/pages"}],"about":[{"href":"https:\/\/etbprestige.com\/index.php\/wp-json\/wp\/v2\/types\/page"}],"author":[{"embeddable":true,"href":"https:\/\/etbprestige.com\/index.php\/wp-json\/wp\/v2\/users\/1"}],"replies":[{"embeddable":true,"href":"https:\/\/etbprestige.com\/index.php\/wp-json\/wp\/v2\/comments?post=6"}],"version-history":[{"count":58,"href":"https:\/\/etbprestige.com\/index.php\/wp-json\/wp\/v2\/pages\/6\/revisions"}],"predecessor-version":[{"id":2203,"href":"https:\/\/etbprestige.com\/index.php\/wp-json\/wp\/v2\/pages\/6\/revisions\/2203"}],"wp:attachment":[{"href":"https:\/\/etbprestige.com\/index.php\/wp-json\/wp\/v2\/media?parent=6"}],"curies":[{"name":"wp","href":"https:\/\/api.w.org\/{rel}","templated":true}]}}