{"id":13,"date":"2022-12-09T15:54:19","date_gmt":"2022-12-09T15:54:19","guid":{"rendered":"https:\/\/admiring-newton.51-91-16-156.plesk.page\/?page_id=13"},"modified":"2022-12-09T15:56:55","modified_gmt":"2022-12-09T15:56:55","slug":"refund_returns-2","status":"publish","type":"page","link":"https:\/\/etbprestige.com\/index.php\/refund_returns-2\/","title":{"rendered":"Politique de confidentialit\u00e9"},"content":{"rendered":"<section class=\"wpb-content-wrapper\"><p>[vc_row][vc_column][vc_column_text]<\/p>\n\n<h3>Avis important concernant le traitement des donn\u00e9es en lien avec Google Analytics<\/h3>\n\n\n<ul>\n<li>Ce site utilise Google Analytics, un service d\u2019analyse web fourni par Google Ireland Limited. Si l\u2019organe responsable du traitement des donn\u00e9es recueillies par ce site est bas\u00e9 hors de l\u2019Espace \u00e9conomique europ\u00e9en et de la Suisse, alors le traitement des donn\u00e9es associ\u00e9es \u00e0 Google Analytics sera effectu\u00e9 par Google LLC (dont le si\u00e8ge est aux \u00c9tats-Unis). Google Ireland Limited et Google LLC sont d\u00e9nomm\u00e9s ci-apr\u00e8s \u00ab Google \u00bb.\n<p>Google Analytics utilise des \u00ab cookies \u00bb, des fichiers textes enregistr\u00e9s sur l\u2019ordinateur du visiteur du site, pour permettre l\u2019analyse de l\u2019utilisation du site par ce dernier. Les informations g\u00e9n\u00e9r\u00e9es par le cookie (y compris l\u2019adresse IP tronqu\u00e9e) sur l\u2019utilisation du site web sont g\u00e9n\u00e9ralement transmises \u00e0 et stock\u00e9es par Google.<\/p>\n<p>Google Analytics est utilis\u00e9 exclusivement avec l&rsquo;extension \u00ab _anonymizeIp () \u00bb sur ce site. L\u2019extension garantit une anonymisation de l\u2019adresse IP par troncature et exclut de ce fait toute r\u00e9f\u00e9rence personnelle directe. Via cette extension, Google tronque l\u2019adresse IP du visiteur du site situ\u00e9 dans un \u00c9tat membre de l\u2019Union europ\u00e9enne ou dans un autre \u00c9tat parti \u00e0 l\u2019accord sur l\u2019Espace \u00e9conomique europ\u00e9en. L\u2019adresse IP compl\u00e8te du visiteur du site ne sera transmise aux serveurs de Google et tronqu\u00e9e aux Etats-Unis que dans des situations exceptionnelles. L\u2019adresse IP, qui est fournie par le navigateur du visiteur du site utilisant Google Analytics, ne sera pas recoup\u00e9e par Google avec d\u2019autres donn\u00e9es de Google.<\/p>\n<p>Au nom de l\u2019op\u00e9rateur du site, Google utilisera les informations collect\u00e9es pour \u00e9valuer l\u2019utilisation du site, compiler des rapports sur l\u2019activit\u00e9 du site et fournir d\u2019autres services li\u00e9s au site web et \u00e0 internet \u00e0 l\u2019op\u00e9rateur du site (art. 6, 1. f, RGPD). L\u2019int\u00e9r\u00eat l\u00e9gitime dans le traitement des donn\u00e9es se trouve dans l&rsquo;optimisation de ce site, l\u2019analyse de l\u2019utilisation du site et l&rsquo;adaptation du contenu. L\u2019int\u00e9r\u00eat des utilisateurs est ad\u00e9quatement prot\u00e9g\u00e9 par la pseudonymisation de leurs donn\u00e9es.<\/p>\n<p>Google LLC garantit un niveau de protection ad\u00e9quat des donn\u00e9es sur la base de clauses contractuelles types europ\u00e9ennes. Les donn\u00e9es envoy\u00e9es et coupl\u00e9es aux cookies de Google Analytics, comme l&rsquo;ID de l\u2019utilisateur ou les ID publicitaires, seront automatiquement effac\u00e9s apr\u00e8s 50 mois. La suppression des donn\u00e9es qui ont atteint la date limite de conservation est effectu\u00e9e automatiquement une fois par mois.<\/p>\n<p>Le visiteur du site peut refuser l\u2019utilisation de cookies en s\u00e9lectionnant le r\u00e9glage appropri\u00e9 dans le navigateur. Le visiteur du site peut aussi emp\u00eacher Google de recueillir des informations (y compris l\u2019adresse IP) via les cookies et de traiter ces informations en t\u00e9l\u00e9chargeant et installant ce plug-in dans son navigateur :\u00a0<a href=\"http:\/\/tools.google.com\/dlpage\/gaoptout\" target=\"_blank\" rel=\"noopener\">http:\/\/tools.google.com\/dlpage\/gaoptout<\/a>.<\/p>\n<p><span class=\"jtpl-ga-opt-out-text \">Le visiteur du site peut emp\u00eacher la collecte des donn\u00e9es par Google Analytics en cliquant sur ce\u00a0<a class=\"ga-opt-out-link\">lien<\/a>. Un \u00ab\u00a0cookie d&rsquo;opt-out\u00a0\u00bb sera alors plac\u00e9 et permettra au visiteur du site de ne pas \u00eatre track\u00e9 durant sa navigation du site.<\/span><\/p>\n<p>Pour plus d\u2019informations sur le traitement et l\u2019utilisation des donn\u00e9es par Google, les param\u00e9trages et les possibilit\u00e9s de d\u00e9sactivation, veuillez consulter la politique de confidentialit\u00e9 de Google (<a href=\"https:\/\/policies.google.com\/privacy\" target=\"_blank\" rel=\"noopener\">https:\/\/policies.google.com\/privacy<\/a>) ainsi que les param\u00e8tres de Google Ads (<a href=\"https:\/\/adssettings.google.com\/authenticated\" target=\"_blank\" rel=\"noopener\">https:\/\/adssettings.google.com\/authenticated<\/a>).<\/li>\n<\/ul>\n\n<p>[\/vc_column_text][\/vc_column][\/vc_row][vc_row][vc_column]\r\n\r\n<div class=\"wd_empty_space\" data-heightmobile=\"20\" data-heighttablet=\"30\" data-heightdesktop=\"40\">\r\n\r\n<\/div>\r\n      \r\n\r\n\r\n\r\n        \r\n      \r\n    [\/vc_column][\/vc_row]<\/p>\n<\/section>","protected":false},"excerpt":{"rendered":"<p>[vc_row][vc_column][vc_column_text] Avis important concernant le traitement des donn\u00e9es en lien avec Google Analytics Ce site utilise Google Analytics, un service d\u2019analyse web fourni par Google Ireland Limited. Si l\u2019organe responsable du traitement des donn\u00e9es recueillies par ce site est bas\u00e9 hors de l\u2019Espace \u00e9conomique europ\u00e9en et de la Suisse, alors le traitement des donn\u00e9es associ\u00e9es [&hellip;]<\/p>\n","protected":false},"author":1,"featured_media":0,"parent":0,"menu_order":0,"comment_status":"closed","ping_status":"closed","template":"","meta":{"footnotes":""},"class_list":["post-13","page","type-page","status-publish","hentry"],"yoast_head":"<!-- This site is optimized with the Yoast SEO plugin v26.7 - https:\/\/yoast.com\/wordpress\/plugins\/seo\/ -->\n<title>Politique de confidentialit\u00e9 - ETB<\/title>\n<meta name=\"robots\" content=\"index, follow, max-snippet:-1, max-image-preview:large, max-video-preview:-1\" \/>\n<link rel=\"canonical\" href=\"https:\/\/etbprestige.com\/index.php\/refund_returns-2\/\" \/>\n<meta property=\"og:locale\" content=\"fr_FR\" \/>\n<meta property=\"og:type\" content=\"article\" \/>\n<meta property=\"og:title\" content=\"Politique de confidentialit\u00e9 - ETB\" \/>\n<meta property=\"og:description\" content=\"[vc_row][vc_column][vc_column_text] Avis important concernant le traitement des donn\u00e9es en lien avec Google Analytics Ce site utilise Google Analytics, un service d\u2019analyse web fourni par Google Ireland Limited. Si l\u2019organe responsable du traitement des donn\u00e9es recueillies par ce site est bas\u00e9 hors de l\u2019Espace \u00e9conomique europ\u00e9en et de la Suisse, alors le traitement des donn\u00e9es associ\u00e9es [&hellip;]\" \/>\n<meta property=\"og:url\" content=\"https:\/\/etbprestige.com\/index.php\/refund_returns-2\/\" \/>\n<meta property=\"og:site_name\" content=\"ETB\" \/>\n<meta property=\"article:modified_time\" content=\"2022-12-09T15:56:55+00:00\" \/>\n<meta name=\"twitter:card\" content=\"summary_large_image\" \/>\n<meta name=\"twitter:label1\" content=\"Dur\u00e9e de lecture estim\u00e9e\" \/>\n\t<meta name=\"twitter:data1\" content=\"3 minutes\" \/>\n<script type=\"application\/ld+json\" class=\"yoast-schema-graph\">{\"@context\":\"https:\/\/schema.org\",\"@graph\":[{\"@type\":\"WebPage\",\"@id\":\"https:\/\/etbprestige.com\/index.php\/refund_returns-2\/\",\"url\":\"https:\/\/etbprestige.com\/index.php\/refund_returns-2\/\",\"name\":\"Politique de confidentialit\u00e9 - ETB\",\"isPartOf\":{\"@id\":\"https:\/\/etbprestige.com\/#website\"},\"datePublished\":\"2022-12-09T15:54:19+00:00\",\"dateModified\":\"2022-12-09T15:56:55+00:00\",\"breadcrumb\":{\"@id\":\"https:\/\/etbprestige.com\/index.php\/refund_returns-2\/#breadcrumb\"},\"inLanguage\":\"fr-FR\",\"potentialAction\":[{\"@type\":\"ReadAction\",\"target\":[\"https:\/\/etbprestige.com\/index.php\/refund_returns-2\/\"]}]},{\"@type\":\"BreadcrumbList\",\"@id\":\"https:\/\/etbprestige.com\/index.php\/refund_returns-2\/#breadcrumb\",\"itemListElement\":[{\"@type\":\"ListItem\",\"position\":1,\"name\":\"Accueil\",\"item\":\"https:\/\/etbprestige.com\/\"},{\"@type\":\"ListItem\",\"position\":2,\"name\":\"Politique de confidentialit\u00e9\"}]},{\"@type\":\"WebSite\",\"@id\":\"https:\/\/etbprestige.com\/#website\",\"url\":\"https:\/\/etbprestige.com\/\",\"name\":\"Etbprestige\",\"description\":\"\",\"publisher\":{\"@id\":\"https:\/\/etbprestige.com\/#organization\"},\"potentialAction\":[{\"@type\":\"SearchAction\",\"target\":{\"@type\":\"EntryPoint\",\"urlTemplate\":\"https:\/\/etbprestige.com\/?s={search_term_string}\"},\"query-input\":{\"@type\":\"PropertyValueSpecification\",\"valueRequired\":true,\"valueName\":\"search_term_string\"}}],\"inLanguage\":\"fr-FR\"},{\"@type\":\"Organization\",\"@id\":\"https:\/\/etbprestige.com\/#organization\",\"name\":\"Etbprestige\",\"url\":\"https:\/\/etbprestige.com\/\",\"logo\":{\"@type\":\"ImageObject\",\"inLanguage\":\"fr-FR\",\"@id\":\"https:\/\/etbprestige.com\/#\/schema\/logo\/image\/\",\"url\":\"https:\/\/etbprestige.com\/wp-content\/uploads\/2022\/12\/ETBlogo-1.png\",\"contentUrl\":\"https:\/\/etbprestige.com\/wp-content\/uploads\/2022\/12\/ETBlogo-1.png\",\"width\":400,\"height\":150,\"caption\":\"Etbprestige\"},\"image\":{\"@id\":\"https:\/\/etbprestige.com\/#\/schema\/logo\/image\/\"}}]}<\/script>\n<!-- \/ Yoast SEO plugin. -->","yoast_head_json":{"title":"Politique de confidentialit\u00e9 - ETB","robots":{"index":"index","follow":"follow","max-snippet":"max-snippet:-1","max-image-preview":"max-image-preview:large","max-video-preview":"max-video-preview:-1"},"canonical":"https:\/\/etbprestige.com\/index.php\/refund_returns-2\/","og_locale":"fr_FR","og_type":"article","og_title":"Politique de confidentialit\u00e9 - ETB","og_description":"[vc_row][vc_column][vc_column_text] Avis important concernant le traitement des donn\u00e9es en lien avec Google Analytics Ce site utilise Google Analytics, un service d\u2019analyse web fourni par Google Ireland Limited. Si l\u2019organe responsable du traitement des donn\u00e9es recueillies par ce site est bas\u00e9 hors de l\u2019Espace \u00e9conomique europ\u00e9en et de la Suisse, alors le traitement des donn\u00e9es associ\u00e9es [&hellip;]","og_url":"https:\/\/etbprestige.com\/index.php\/refund_returns-2\/","og_site_name":"ETB","article_modified_time":"2022-12-09T15:56:55+00:00","twitter_card":"summary_large_image","twitter_misc":{"Dur\u00e9e de lecture estim\u00e9e":"3 minutes"},"schema":{"@context":"https:\/\/schema.org","@graph":[{"@type":"WebPage","@id":"https:\/\/etbprestige.com\/index.php\/refund_returns-2\/","url":"https:\/\/etbprestige.com\/index.php\/refund_returns-2\/","name":"Politique de confidentialit\u00e9 - ETB","isPartOf":{"@id":"https:\/\/etbprestige.com\/#website"},"datePublished":"2022-12-09T15:54:19+00:00","dateModified":"2022-12-09T15:56:55+00:00","breadcrumb":{"@id":"https:\/\/etbprestige.com\/index.php\/refund_returns-2\/#breadcrumb"},"inLanguage":"fr-FR","potentialAction":[{"@type":"ReadAction","target":["https:\/\/etbprestige.com\/index.php\/refund_returns-2\/"]}]},{"@type":"BreadcrumbList","@id":"https:\/\/etbprestige.com\/index.php\/refund_returns-2\/#breadcrumb","itemListElement":[{"@type":"ListItem","position":1,"name":"Accueil","item":"https:\/\/etbprestige.com\/"},{"@type":"ListItem","position":2,"name":"Politique de confidentialit\u00e9"}]},{"@type":"WebSite","@id":"https:\/\/etbprestige.com\/#website","url":"https:\/\/etbprestige.com\/","name":"Etbprestige","description":"","publisher":{"@id":"https:\/\/etbprestige.com\/#organization"},"potentialAction":[{"@type":"SearchAction","target":{"@type":"EntryPoint","urlTemplate":"https:\/\/etbprestige.com\/?s={search_term_string}"},"query-input":{"@type":"PropertyValueSpecification","valueRequired":true,"valueName":"search_term_string"}}],"inLanguage":"fr-FR"},{"@type":"Organization","@id":"https:\/\/etbprestige.com\/#organization","name":"Etbprestige","url":"https:\/\/etbprestige.com\/","logo":{"@type":"ImageObject","inLanguage":"fr-FR","@id":"https:\/\/etbprestige.com\/#\/schema\/logo\/image\/","url":"https:\/\/etbprestige.com\/wp-content\/uploads\/2022\/12\/ETBlogo-1.png","contentUrl":"https:\/\/etbprestige.com\/wp-content\/uploads\/2022\/12\/ETBlogo-1.png","width":400,"height":150,"caption":"Etbprestige"},"image":{"@id":"https:\/\/etbprestige.com\/#\/schema\/logo\/image\/"}}]}},"_links":{"self":[{"href":"https:\/\/etbprestige.com\/index.php\/wp-json\/wp\/v2\/pages\/13","targetHints":{"allow":["GET"]}}],"collection":[{"href":"https:\/\/etbprestige.com\/index.php\/wp-json\/wp\/v2\/pages"}],"about":[{"href":"https:\/\/etbprestige.com\/index.php\/wp-json\/wp\/v2\/types\/page"}],"author":[{"embeddable":true,"href":"https:\/\/etbprestige.com\/index.php\/wp-json\/wp\/v2\/users\/1"}],"replies":[{"embeddable":true,"href":"https:\/\/etbprestige.com\/index.php\/wp-json\/wp\/v2\/comments?post=13"}],"version-history":[{"count":2,"href":"https:\/\/etbprestige.com\/index.php\/wp-json\/wp\/v2\/pages\/13\/revisions"}],"predecessor-version":[{"id":1924,"href":"https:\/\/etbprestige.com\/index.php\/wp-json\/wp\/v2\/pages\/13\/revisions\/1924"}],"wp:attachment":[{"href":"https:\/\/etbprestige.com\/index.php\/wp-json\/wp\/v2\/media?parent=13"}],"curies":[{"name":"wp","href":"https:\/\/api.w.org\/{rel}","templated":true}]}}