{"id":1294,"date":"2016-05-27T18:03:43","date_gmt":"2016-05-27T18:03:43","guid":{"rendered":"http:\/\/themes.webdevia.com\/flooring\/?page_id=1294"},"modified":"2025-02-28T16:07:30","modified_gmt":"2025-02-28T16:07:30","slug":"entreprise-artisanale-parquets-traitement-des-bois","status":"publish","type":"page","link":"https:\/\/etbprestige.com\/","title":{"rendered":"Accueil"},"content":{"rendered":"<section class=\"wpb-content-wrapper\"><p>[vc_row][vc_column][rev_slider_vc alias=\u00a0\u00bbhome_slider\u00a0\u00bb][\/vc_column][\/vc_row][vc_row][vc_column]\r\n\r\n<div class=\"wd_empty_space\" data-heightmobile=\"20\" data-heighttablet=\"30\" data-heightdesktop=\"70\">\r\n\r\n<\/div>\r\n      \r\n\r\n\r\n\r\n        \r\n      \r\n    [vc_row_inner el_class=\u00a0\u00bbtitle-service\u00a0\u00bb][vc_column_inner css=\u00a0\u00bb.vc_custom_1485350712151{padding-right: 10px !important;padding-left: 10px !important;}\u00a0\u00bb][vc_column_text css_animation=\u00a0\u00bbfadeInUp\u00a0\u00bb]<\/p>\n<h5 style=\"text-align: center;\"><span style=\"color: #ffffff;\">Notre entreprise est n\u00e9e en 1979 \u00e0 Paris dans le 18\u00e8me arrondissement.<\/span><\/h5>\n<h5 style=\"text-align: center;\"><span style=\"color: #ffffff;\">Elle est sp\u00e9cialis\u00e9e dans le traitement des bois et murs mais aussi dans la r\u00e9novation des parquets et des escaliers bois.<\/span><\/h5>\n<h5 style=\"text-align: center;\"><span style=\"color: #ffffff;\">Depuis 1983 nous sommes install\u00e9s dans les Yvelines, limitrophe du Val d\u2019Oise.<\/span><\/h5>\n<h5><\/h5>\n<p>[\/vc_column_text]\r\n\r\n<div class=\"wd_empty_space\" data-heightmobile=\"130px\" data-heighttablet=\"130px\" data-heightdesktop=\"130px\">\r\n\r\n<\/div>\r\n      \r\n\r\n\r\n\r\n        \r\n      \r\n    [\/vc_column_inner][\/vc_row_inner][vc_row_inner el_class=\u00a0\u00bbrow text-center\u00a0\u00bb][vc_column_inner width=\u00a0\u00bb1\/3&Prime;]\r\n\t\t<div class=\"wd-section-text-icon\">\r\n\t\t\t\t\t\t\t<div class=\"wd-text-icon-style5  animated  \" data-animated=fadeInUp>\r\n\t\t\t\t\t<div class=\"box-icon\">\r\n\t\t\t\t\t\t\t\t\t\t\t\t\t\t\t\t\t\t\t\t\t\t\t\t\t\t\t<img decoding=\"async\" src=\"https:\/\/etbprestige.com\/wp-content\/uploads\/2022\/12\/brulage-des-filaments-myceliens-380x254.jpg\"\r\n\t\t\t\t\t\t\t     srcset=\"\" alt=\"brulage-des-filaments-myceliens\"\/>\r\n\t\t\t\t\t\t\t\t\t\t\t<\/div>\r\n\t\t\t\t\t<div class=\"box-description\">\r\n\t\t\t\t\t\t<h3>Br\u00fblage des filaments myc\u00e9liens<\/h3>\r\n\t\t\t\t\t\t<p>\r\n\t\t\t\t\t\t\t\t\t\t\t\t\t<\/p>\r\n\t\t\t\t\t<\/div>\r\n\t\t\t\t<\/div>\r\n\t\t\t\t\t\t<\/div>\r\n\r\n\r\n\t\t\r\n\t\t<div class=\"wd-section-text-icon\">\r\n\t\t\t\t\t\t\t<div class=\"wd-text-icon-style5  animated  \" data-animated=fadeInUp>\r\n\t\t\t\t\t<div class=\"box-icon\">\r\n\t\t\t\t\t\t\t\t\t\t\t\t\t\t\t\t\t\t\t\t\t\t\t\t\t\t\t<img decoding=\"async\" src=\"https:\/\/etbprestige.com\/wp-content\/uploads\/2022\/12\/pulverisation-380x254.jpg\"\r\n\t\t\t\t\t\t\t     srcset=\"https:\/\/etbprestige.com\/wp-content\/uploads\/2022\/12\/pulverisation-380x253.jpg 380w, https:\/\/etbprestige.com\/wp-content\/uploads\/2022\/12\/pulverisation-scaled-600x400.jpg 600w, https:\/\/etbprestige.com\/wp-content\/uploads\/2022\/12\/pulverisation-300x200.jpg 300w, https:\/\/etbprestige.com\/wp-content\/uploads\/2022\/12\/pulverisation-1024x683.jpg 1024w, https:\/\/etbprestige.com\/wp-content\/uploads\/2022\/12\/pulverisation-768x512.jpg 768w, https:\/\/etbprestige.com\/wp-content\/uploads\/2022\/12\/pulverisation-1536x1024.jpg 1536w, https:\/\/etbprestige.com\/wp-content\/uploads\/2022\/12\/pulverisation-2048x1365.jpg 2048w, https:\/\/etbprestige.com\/wp-content\/uploads\/2022\/12\/pulverisation-690x460.jpg 690w\" alt=\"pulverisation\"\/>\r\n\t\t\t\t\t\t\t\t\t\t\t<\/div>\r\n\t\t\t\t\t<div class=\"box-description\">\r\n\t\t\t\t\t\t<h3>Pulv\u00e9risation<\/h3>\r\n\t\t\t\t\t\t<p>\r\n\t\t\t\t\t\t\t\t\t\t\t\t\t<\/p>\r\n\t\t\t\t\t<\/div>\r\n\t\t\t\t<\/div>\r\n\t\t\t\t\t\t<\/div>\r\n\r\n\r\n\t\t\r\n\t\t<div class=\"wd-section-text-icon\">\r\n\t\t\t\t\t\t\t<div class=\"wd-text-icon-style5  animated  \" data-animated=fadeInUp>\r\n\t\t\t\t\t<div class=\"box-icon\">\r\n\t\t\t\t\t\t\t\t\t\t\t\t\t\t\t\t\t\t\t\t\t\t\t\t\t\t\t<img decoding=\"async\" src=\"https:\/\/etbprestige.com\/wp-content\/uploads\/2022\/12\/les-finitions-avec-la-Trio-1-380x254.jpg\"\r\n\t\t\t\t\t\t\t     srcset=\"\" alt=\"les-finitions-avec-la-trio-2\"\/>\r\n\t\t\t\t\t\t\t\t\t\t\t<\/div>\r\n\t\t\t\t\t<div class=\"box-description\">\r\n\t\t\t\t\t\t<h3>PON\u00c7AGE DES FINITIONS<\/h3>\r\n\t\t\t\t\t\t<p>\r\n\t\t\t\t\t\t\t\t\t\t\t\t\t<\/p>\r\n\t\t\t\t\t<\/div>\r\n\t\t\t\t<\/div>\r\n\t\t\t\t\t\t<\/div>\r\n\r\n\r\n\t\t[\/vc_column_inner][vc_column_inner width=\u00a0\u00bb1\/3&Prime;]\r\n\t\t<div class=\"wd-section-text-icon\">\r\n\t\t\t\t\t\t\t<div class=\"wd-text-icon-style5  animated  \" data-animated=fadeInDown>\r\n\t\t\t\t\t<div class=\"box-icon\">\r\n\t\t\t\t\t\t\t\t\t\t\t\t\t\t\t\t\t\t\t\t\t\t\t\t\t\t\t<img decoding=\"async\" src=\"https:\/\/etbprestige.com\/wp-content\/uploads\/2022\/12\/poncage-des-bords-380x254.jpg\"\r\n\t\t\t\t\t\t\t     srcset=\"\" alt=\"poncage-des-bords\"\/>\r\n\t\t\t\t\t\t\t\t\t\t\t<\/div>\r\n\t\t\t\t\t<div class=\"box-description\">\r\n\t\t\t\t\t\t<h3>PON\u00c7AGE DES BORDS ET DES ANGLES<\/h3>\r\n\t\t\t\t\t\t<p>\r\n\t\t\t\t\t\t\t\t\t\t\t\t\t<\/p>\r\n\t\t\t\t\t<\/div>\r\n\t\t\t\t<\/div>\r\n\t\t\t\t\t\t<\/div>\r\n\r\n\r\n\t\t\r\n\t\t<div class=\"wd-section-text-icon\">\r\n\t\t\t\t\t\t\t<div class=\"wd-text-icon-style5  animated  \" data-animated=fadeInDown>\r\n\t\t\t\t\t<div class=\"box-icon\">\r\n\t\t\t\t\t\t\t\t\t\t\t\t\t\t\t\t\t\t\t\t\t\t\t\t\t\t\t<img decoding=\"async\" src=\"https:\/\/etbprestige.com\/wp-content\/uploads\/2022\/12\/injection-380x254.jpg\"\r\n\t\t\t\t\t\t\t     srcset=\"https:\/\/etbprestige.com\/wp-content\/uploads\/2022\/12\/injection-380x253.jpg 380w, https:\/\/etbprestige.com\/wp-content\/uploads\/2022\/12\/injection-600x399.jpg 600w, https:\/\/etbprestige.com\/wp-content\/uploads\/2022\/12\/injection-760x509.jpg 760w, https:\/\/etbprestige.com\/wp-content\/uploads\/2022\/12\/injection.jpg 766w\" alt=\"injection\"\/>\r\n\t\t\t\t\t\t\t\t\t\t\t<\/div>\r\n\t\t\t\t\t<div class=\"box-description\">\r\n\t\t\t\t\t\t<h3>Injection des bois<\/h3>\r\n\t\t\t\t\t\t<p>\r\n\t\t\t\t\t\t\t\t\t\t\t\t\t<\/p>\r\n\t\t\t\t\t<\/div>\r\n\t\t\t\t<\/div>\r\n\t\t\t\t\t\t<\/div>\r\n\r\n\r\n\t\t\r\n\t\t<div class=\"wd-section-text-icon\">\r\n\t\t\t\t\t\t\t<div class=\"wd-text-icon-style5  animated  \" data-animated=fadeInUp>\r\n\t\t\t\t\t<div class=\"box-icon\">\r\n\t\t\t\t\t\t\t\t\t\t\t\t\t\t\t\t\t\t\t\t\t\t\t\t\t\t\t<img decoding=\"async\" src=\"https:\/\/etbprestige.com\/wp-content\/uploads\/2015\/12\/trait1.jpg\"\r\n\t\t\t\t\t\t\t     srcset=\"https:\/\/etbprestige.com\/wp-content\/uploads\/2015\/12\/trait1.jpg 313w, https:\/\/etbprestige.com\/wp-content\/uploads\/2015\/12\/trait1-300x199.jpg 300w\" alt=\"trait1\"\/>\r\n\t\t\t\t\t\t\t\t\t\t\t<\/div>\r\n\t\t\t\t\t<div class=\"box-description\">\r\n\t\t\t\t\t\t<h3>Piochage des enduits<\/h3>\r\n\t\t\t\t\t\t<p>\r\n\t\t\t\t\t\t\t\t\t\t\t\t\t<\/p>\r\n\t\t\t\t\t<\/div>\r\n\t\t\t\t<\/div>\r\n\t\t\t\t\t\t<\/div>\r\n\r\n\r\n\t\t[\/vc_column_inner][vc_column_inner width=\u00a0\u00bb1\/3&Prime;]\r\n\t\t<div class=\"wd-section-text-icon\">\r\n\t\t\t\t\t\t\t<div class=\"wd-text-icon-style5  animated  \" data-animated=fadeInUp>\r\n\t\t\t\t\t<div class=\"box-icon\">\r\n\t\t\t\t\t\t\t\t\t\t\t\t\t\t\t\t\t\t\t\t\t\t\t\t\t\t\t<img decoding=\"async\" src=\"https:\/\/etbprestige.com\/wp-content\/uploads\/2022\/12\/buchage-en-interieur-380x254.jpg\"\r\n\t\t\t\t\t\t\t     srcset=\"\" alt=\"buchage-en-interieur\"\/>\r\n\t\t\t\t\t\t\t\t\t\t\t<\/div>\r\n\t\t\t\t\t<div class=\"box-description\">\r\n\t\t\t\t\t\t<h3>B\u00fbchage des parties vermoulues<\/h3>\r\n\t\t\t\t\t\t<p>\r\n\t\t\t\t\t\t\t\t\t\t\t\t\t<\/p>\r\n\t\t\t\t\t<\/div>\r\n\t\t\t\t<\/div>\r\n\t\t\t\t\t\t<\/div>\r\n\r\n\r\n\t\t\r\n\t\t<div class=\"wd-section-text-icon\">\r\n\t\t\t\t\t\t\t<div class=\"wd-text-icon-style5  animated  \" data-animated=fadeInUp>\r\n\t\t\t\t\t<div class=\"box-icon\">\r\n\t\t\t\t\t\t\t\t\t\t\t\t\t\t\t\t\t\t\t\t\t\t\t\t\t\t\t<img decoding=\"async\" src=\"https:\/\/etbprestige.com\/wp-content\/uploads\/2022\/12\/vitrification-1-380x254.jpg\"\r\n\t\t\t\t\t\t\t     srcset=\"https:\/\/etbprestige.com\/wp-content\/uploads\/2022\/12\/vitrification-1-380x253.jpg 380w, https:\/\/etbprestige.com\/wp-content\/uploads\/2022\/12\/vitrification-1-300x200.jpg 300w, https:\/\/etbprestige.com\/wp-content\/uploads\/2022\/12\/vitrification-1-1024x683.jpg 1024w, https:\/\/etbprestige.com\/wp-content\/uploads\/2022\/12\/vitrification-1-768x512.jpg 768w, https:\/\/etbprestige.com\/wp-content\/uploads\/2022\/12\/vitrification-1-1536x1024.jpg 1536w, https:\/\/etbprestige.com\/wp-content\/uploads\/2022\/12\/vitrification-1-2048x1365.jpg 2048w, https:\/\/etbprestige.com\/wp-content\/uploads\/2022\/12\/vitrification-1-600x400.jpg 600w, https:\/\/etbprestige.com\/wp-content\/uploads\/2022\/12\/vitrification-1-690x460.jpg 690w\" alt=\"vitrification-2\"\/>\r\n\t\t\t\t\t\t\t\t\t\t\t<\/div>\r\n\t\t\t\t\t<div class=\"box-description\">\r\n\t\t\t\t\t\t<h3>VITRIFICATION<\/h3>\r\n\t\t\t\t\t\t<p>\r\n\t\t\t\t\t\t\t\t\t\t\t\t\t<\/p>\r\n\t\t\t\t\t<\/div>\r\n\t\t\t\t<\/div>\r\n\t\t\t\t\t\t<\/div>\r\n\r\n\r\n\t\t\r\n\t\t<div class=\"wd-section-text-icon\">\r\n\t\t\t\t\t\t\t<div class=\"wd-text-icon-style5  animated  \" data-animated=fadeInUp>\r\n\t\t\t\t\t<div class=\"box-icon\">\r\n\t\t\t\t\t\t\t\t\t\t\t\t\t\t\t\t\t\t\t\t\t\t\t\t\t\t\t<img decoding=\"async\" src=\"https:\/\/etbprestige.com\/wp-content\/uploads\/2022\/12\/forage-des-maconneries-1-380x254.jpg\"\r\n\t\t\t\t\t\t\t     srcset=\"\" alt=\"forage-des-maconneries-2\"\/>\r\n\t\t\t\t\t\t\t\t\t\t\t<\/div>\r\n\t\t\t\t\t<div class=\"box-description\">\r\n\t\t\t\t\t\t<h3>Forage dans les ma\u00e7onneries<\/h3>\r\n\t\t\t\t\t\t<p>\r\n\t\t\t\t\t\t\t\t\t\t\t\t\t<\/p>\r\n\t\t\t\t\t<\/div>\r\n\t\t\t\t<\/div>\r\n\t\t\t\t\t\t<\/div>\r\n\r\n\r\n\t\t[\/vc_column_inner][\/vc_row_inner]\r\n\r\n<div class=\"wd_empty_space\" data-heightmobile=\"20\" data-heighttablet=\"30\" data-heightdesktop=\"40\">\r\n\r\n<\/div>\r\n      \r\n\r\n\r\n\r\n        \r\n      \r\n    [\/vc_column][\/vc_row][vc_row full_width=\u00a0\u00bbstretch_row\u00a0\u00bb css=\u00a0\u00bb.vc_custom_1671791852675{padding-top: 35px !important;padding-bottom: 60px !important;background-color: #efefef !important;}\u00a0\u00bb font_color=\u00a0\u00bb#ffffff\u00a0\u00bb][vc_column][vc_column_text el_class=\u00a0\u00bbtext-center\u00a0\u00bb]<\/p>\n<h4 style=\"color: #000000; display: inline-block; padding: 0px 0px;\" data-darkreader-inline-color=\"\">TEL: 01 39 74 80 16 MOB: 06 09 95 92 93 &#8211; 06 20 97 60 07<\/h4>\n<p>[\/vc_column_text][\/vc_column][\/vc_row][vc_row][vc_column]\r\n\r\n<div class=\"wd_empty_space\" data-heightmobile=\"0\" data-heighttablet=\"70\" data-heightdesktop=\"70\">\r\n\r\n<\/div>\r\n      \r\n\r\n\r\n\r\n        \r\n      \r\n    [\/vc_column][\/vc_row][vc_row full_width=\u00a0\u00bbstretch_row\u00a0\u00bb css=\u00a0\u00bb.vc_custom_1672923849718{padding-top: 50px !important;padding-bottom: 50px !important;background: #f7f7f7 url(https:\/\/admiring-newton.51-91-16-156.plesk.page\/wp-content\/uploads\/2022\/12\/accueil.jpg?id=1985) !important;background-position: center !important;background-repeat: no-repeat !important;background-size: cover !important;}\u00a0\u00bb animation_delay=\u00a0\u00bb300&Prime;][vc_column][vc_row_inner][vc_column_inner]\r\n\r\n<div class=\"\" >\r\n  <div class=\"large-12 columns  wd-title-section_c\" >\r\n\r\n      <h2 style = 'color:#000000;'>\u00c0 propos<\/h2>\r\n        <h5 style = 'color:#000000;'>Entreprise artisanale n\u00e9e \u00e0 Paris en 1979, nous avons d\u00e9but\u00e9 sur les parquets parisiens en diversifiant notre activit\u00e9 au traitement des bois, dans les charpentes d'immeubles puis dans les maisons de banlieue. Nous sommes depuis 1983 install\u00e9s dans les Yvelines en limite du Val d'Oise \u00e0 proximit\u00e9 de Conflans Sainte Honorine, Poissy, Saint Germain en Laye, Pontoise, Argenteuil, Eaubonne... et r\u00e9pondons \u00e0 tout type de demande sur toute l'\u00eele de France.<\/h5>\r\n    \r\n  <\/div>\r\n<\/div>\r\n\r\n  \r\n[\/vc_column_inner][\/vc_row_inner][\/vc_column][\/vc_row][vc_row][vc_column]\r\n\r\n<div class=\"wd_empty_space\" data-heightmobile=\"20\" data-heighttablet=\"30\" data-heightdesktop=\"40\">\r\n\r\n<\/div>\r\n      \r\n\r\n\r\n\r\n        \r\n      \r\n    [\/vc_column][\/vc_row]<\/p>\n<\/section>","protected":false},"excerpt":{"rendered":"<p>[vc_row][vc_column][rev_slider_vc alias=\u00a0\u00bbhome_slider\u00a0\u00bb][\/vc_column][\/vc_row][vc_row][vc_column][vc_row_inner el_class=\u00a0\u00bbtitle-service\u00a0\u00bb][vc_column_inner css=\u00a0\u00bb.vc_custom_1485350712151{padding-right: 10px !important;padding-left: 10px !important;}\u00a0\u00bb][vc_column_text css_animation=\u00a0\u00bbfadeInUp\u00a0\u00bb] Notre entreprise est n\u00e9e en 1979 \u00e0 Paris dans le 18\u00e8me arrondissement. Elle est sp\u00e9cialis\u00e9e dans le traitement des bois et murs mais aussi dans la r\u00e9novation des parquets et des escaliers bois. Depuis 1983 nous sommes install\u00e9s dans les Yvelines, limitrophe du Val d\u2019Oise. [\/vc_column_text][\/vc_column_inner][\/vc_row_inner][vc_row_inner [&hellip;]<\/p>\n","protected":false},"author":1,"featured_media":0,"parent":0,"menu_order":0,"comment_status":"closed","ping_status":"closed","template":"","meta":{"footnotes":""},"class_list":["post-1294","page","type-page","status-publish","hentry"],"yoast_head":"<!-- This site is optimized with the Yoast SEO plugin v26.7 - https:\/\/yoast.com\/wordpress\/plugins\/seo\/ -->\n<title>Accueil - ETB - Traitement des bois et parquets Ile de France 78 75 77 91 92 93 94 95<\/title>\n<meta name=\"description\" content=\"Entreprise artisanale n\u00e9e \u00e0 Paris en 1979, nous avons d\u00e9but\u00e9 sur les parquets parisiens en diversifiant notre activit\u00e9 au traitement des bois. Certifi\u00e9s CTBA+ depuis 1986. Nous exer\u00e7ons en Ile de France.\" \/>\n<meta name=\"robots\" content=\"index, follow, max-snippet:-1, max-image-preview:large, max-video-preview:-1\" \/>\n<link rel=\"canonical\" href=\"https:\/\/etbprestige.com\/\" \/>\n<meta property=\"og:locale\" content=\"fr_FR\" \/>\n<meta property=\"og:type\" content=\"article\" \/>\n<meta property=\"og:title\" content=\"Accueil - ETB - Traitement des bois et parquets Ile de France 78 75 77 91 92 93 94 95\" \/>\n<meta property=\"og:description\" content=\"Entreprise artisanale n\u00e9e \u00e0 Paris en 1979, nous avons d\u00e9but\u00e9 sur les parquets parisiens en diversifiant notre activit\u00e9 au traitement des bois. Certifi\u00e9s CTBA+ depuis 1986. Nous exer\u00e7ons en Ile de France.\" \/>\n<meta property=\"og:url\" content=\"https:\/\/etbprestige.com\/\" \/>\n<meta property=\"og:site_name\" content=\"ETB\" \/>\n<meta property=\"article:modified_time\" content=\"2025-02-28T16:07:30+00:00\" \/>\n<meta name=\"twitter:card\" content=\"summary_large_image\" \/>\n<meta name=\"twitter:label1\" content=\"Dur\u00e9e de lecture estim\u00e9e\" \/>\n\t<meta name=\"twitter:data1\" content=\"4 minutes\" \/>\n<script type=\"application\/ld+json\" class=\"yoast-schema-graph\">{\"@context\":\"https:\/\/schema.org\",\"@graph\":[{\"@type\":\"WebPage\",\"@id\":\"https:\/\/etbprestige.com\/\",\"url\":\"https:\/\/etbprestige.com\/\",\"name\":\"Accueil - ETB - Traitement des bois et parquets Ile de France 78 75 77 91 92 93 94 95\",\"isPartOf\":{\"@id\":\"https:\/\/etbprestige.com\/#website\"},\"datePublished\":\"2016-05-27T18:03:43+00:00\",\"dateModified\":\"2025-02-28T16:07:30+00:00\",\"description\":\"Entreprise artisanale n\u00e9e \u00e0 Paris en 1979, nous avons d\u00e9but\u00e9 sur les parquets parisiens en diversifiant notre activit\u00e9 au traitement des bois. Certifi\u00e9s CTBA+ depuis 1986. Nous exer\u00e7ons en Ile de France.\",\"breadcrumb\":{\"@id\":\"https:\/\/etbprestige.com\/#breadcrumb\"},\"inLanguage\":\"fr-FR\",\"potentialAction\":[{\"@type\":\"ReadAction\",\"target\":[\"https:\/\/etbprestige.com\/\"]}]},{\"@type\":\"BreadcrumbList\",\"@id\":\"https:\/\/etbprestige.com\/#breadcrumb\",\"itemListElement\":[{\"@type\":\"ListItem\",\"position\":1,\"name\":\"Accueil\",\"item\":\"https:\/\/etbprestige.com\/\"},{\"@type\":\"ListItem\",\"position\":2,\"name\":\"Accueil\"}]},{\"@type\":\"WebSite\",\"@id\":\"https:\/\/etbprestige.com\/#website\",\"url\":\"https:\/\/etbprestige.com\/\",\"name\":\"Etbprestige\",\"description\":\"\",\"publisher\":{\"@id\":\"https:\/\/etbprestige.com\/#organization\"},\"potentialAction\":[{\"@type\":\"SearchAction\",\"target\":{\"@type\":\"EntryPoint\",\"urlTemplate\":\"https:\/\/etbprestige.com\/?s={search_term_string}\"},\"query-input\":{\"@type\":\"PropertyValueSpecification\",\"valueRequired\":true,\"valueName\":\"search_term_string\"}}],\"inLanguage\":\"fr-FR\"},{\"@type\":\"Organization\",\"@id\":\"https:\/\/etbprestige.com\/#organization\",\"name\":\"Etbprestige\",\"url\":\"https:\/\/etbprestige.com\/\",\"logo\":{\"@type\":\"ImageObject\",\"inLanguage\":\"fr-FR\",\"@id\":\"https:\/\/etbprestige.com\/#\/schema\/logo\/image\/\",\"url\":\"https:\/\/etbprestige.com\/wp-content\/uploads\/2022\/12\/ETBlogo-1.png\",\"contentUrl\":\"https:\/\/etbprestige.com\/wp-content\/uploads\/2022\/12\/ETBlogo-1.png\",\"width\":400,\"height\":150,\"caption\":\"Etbprestige\"},\"image\":{\"@id\":\"https:\/\/etbprestige.com\/#\/schema\/logo\/image\/\"}}]}<\/script>\n<!-- \/ Yoast SEO plugin. -->","yoast_head_json":{"title":"Accueil - ETB - Traitement des bois et parquets Ile de France 78 75 77 91 92 93 94 95","description":"Entreprise artisanale n\u00e9e \u00e0 Paris en 1979, nous avons d\u00e9but\u00e9 sur les parquets parisiens en diversifiant notre activit\u00e9 au traitement des bois. Certifi\u00e9s CTBA+ depuis 1986. Nous exer\u00e7ons en Ile de France.","robots":{"index":"index","follow":"follow","max-snippet":"max-snippet:-1","max-image-preview":"max-image-preview:large","max-video-preview":"max-video-preview:-1"},"canonical":"https:\/\/etbprestige.com\/","og_locale":"fr_FR","og_type":"article","og_title":"Accueil - ETB - Traitement des bois et parquets Ile de France 78 75 77 91 92 93 94 95","og_description":"Entreprise artisanale n\u00e9e \u00e0 Paris en 1979, nous avons d\u00e9but\u00e9 sur les parquets parisiens en diversifiant notre activit\u00e9 au traitement des bois. Certifi\u00e9s CTBA+ depuis 1986. Nous exer\u00e7ons en Ile de France.","og_url":"https:\/\/etbprestige.com\/","og_site_name":"ETB","article_modified_time":"2025-02-28T16:07:30+00:00","twitter_card":"summary_large_image","twitter_misc":{"Dur\u00e9e de lecture estim\u00e9e":"4 minutes"},"schema":{"@context":"https:\/\/schema.org","@graph":[{"@type":"WebPage","@id":"https:\/\/etbprestige.com\/","url":"https:\/\/etbprestige.com\/","name":"Accueil - ETB - Traitement des bois et parquets Ile de France 78 75 77 91 92 93 94 95","isPartOf":{"@id":"https:\/\/etbprestige.com\/#website"},"datePublished":"2016-05-27T18:03:43+00:00","dateModified":"2025-02-28T16:07:30+00:00","description":"Entreprise artisanale n\u00e9e \u00e0 Paris en 1979, nous avons d\u00e9but\u00e9 sur les parquets parisiens en diversifiant notre activit\u00e9 au traitement des bois. Certifi\u00e9s CTBA+ depuis 1986. Nous exer\u00e7ons en Ile de France.","breadcrumb":{"@id":"https:\/\/etbprestige.com\/#breadcrumb"},"inLanguage":"fr-FR","potentialAction":[{"@type":"ReadAction","target":["https:\/\/etbprestige.com\/"]}]},{"@type":"BreadcrumbList","@id":"https:\/\/etbprestige.com\/#breadcrumb","itemListElement":[{"@type":"ListItem","position":1,"name":"Accueil","item":"https:\/\/etbprestige.com\/"},{"@type":"ListItem","position":2,"name":"Accueil"}]},{"@type":"WebSite","@id":"https:\/\/etbprestige.com\/#website","url":"https:\/\/etbprestige.com\/","name":"Etbprestige","description":"","publisher":{"@id":"https:\/\/etbprestige.com\/#organization"},"potentialAction":[{"@type":"SearchAction","target":{"@type":"EntryPoint","urlTemplate":"https:\/\/etbprestige.com\/?s={search_term_string}"},"query-input":{"@type":"PropertyValueSpecification","valueRequired":true,"valueName":"search_term_string"}}],"inLanguage":"fr-FR"},{"@type":"Organization","@id":"https:\/\/etbprestige.com\/#organization","name":"Etbprestige","url":"https:\/\/etbprestige.com\/","logo":{"@type":"ImageObject","inLanguage":"fr-FR","@id":"https:\/\/etbprestige.com\/#\/schema\/logo\/image\/","url":"https:\/\/etbprestige.com\/wp-content\/uploads\/2022\/12\/ETBlogo-1.png","contentUrl":"https:\/\/etbprestige.com\/wp-content\/uploads\/2022\/12\/ETBlogo-1.png","width":400,"height":150,"caption":"Etbprestige"},"image":{"@id":"https:\/\/etbprestige.com\/#\/schema\/logo\/image\/"}}]}},"_links":{"self":[{"href":"https:\/\/etbprestige.com\/index.php\/wp-json\/wp\/v2\/pages\/1294","targetHints":{"allow":["GET"]}}],"collection":[{"href":"https:\/\/etbprestige.com\/index.php\/wp-json\/wp\/v2\/pages"}],"about":[{"href":"https:\/\/etbprestige.com\/index.php\/wp-json\/wp\/v2\/types\/page"}],"author":[{"embeddable":true,"href":"https:\/\/etbprestige.com\/index.php\/wp-json\/wp\/v2\/users\/1"}],"replies":[{"embeddable":true,"href":"https:\/\/etbprestige.com\/index.php\/wp-json\/wp\/v2\/comments?post=1294"}],"version-history":[{"count":85,"href":"https:\/\/etbprestige.com\/index.php\/wp-json\/wp\/v2\/pages\/1294\/revisions"}],"predecessor-version":[{"id":2169,"href":"https:\/\/etbprestige.com\/index.php\/wp-json\/wp\/v2\/pages\/1294\/revisions\/2169"}],"wp:attachment":[{"href":"https:\/\/etbprestige.com\/index.php\/wp-json\/wp\/v2\/media?parent=1294"}],"curies":[{"name":"wp","href":"https:\/\/api.w.org\/{rel}","templated":true}]}}